{"id":804,"date":"2022-12-20T16:40:53","date_gmt":"2022-12-20T16:40:53","guid":{"rendered":"http:\/\/wecare.sitedev.pt\/doentes\/"},"modified":"2023-05-25T09:39:39","modified_gmt":"2023-05-25T09:39:39","slug":"cannabis-medical-pour-les-patients","status":"publish","type":"page","link":"https:\/\/wecare-medicalcannabis.com\/fr\/cannabis-medical-pour-les-patients\/","title":{"rendered":"Pour Les Patients"},"content":{"rendered":"","protected":false},"excerpt":{"rendered":"","protected":false},"author":1,"featured_media":0,"parent":0,"menu_order":0,"comment_status":"closed","ping_status":"closed","template":"template-patients.php","meta":{"inline_featured_image":false,"footnotes":""},"class_list":["post-804","page","type-page","status-publish","hentry"],"acf":[],"yoast_head":"<!-- This site is optimized with the Yoast SEO plugin v22.2 - https:\/\/yoast.com\/wordpress\/plugins\/seo\/ -->\n<title>WeCare - Cannabis m\u00e9dical pour les patients<\/title>\n<meta name=\"description\" content=\"WeCare est une ressource Internet fiable et respect\u00e9e pour les questions sur le cannabis m\u00e9dical pour les patients, les soignants ou les professionnels de la sant\u00e9.\" \/>\n<meta name=\"robots\" content=\"index, follow, max-snippet:-1, max-image-preview:large, max-video-preview:-1\" \/>\n<link rel=\"canonical\" href=\"https:\/\/wecare-medicalcannabis.com\/fr\/cannabis-medical-pour-les-patients\/\" \/>\n<meta property=\"og:locale\" content=\"fr_FR\" \/>\n<meta property=\"og:type\" content=\"article\" \/>\n<meta property=\"og:title\" content=\"WeCare - Cannabis m\u00e9dical pour les patients\" \/>\n<meta property=\"og:description\" content=\"WeCare est une ressource Internet fiable et respect\u00e9e pour les questions sur le cannabis m\u00e9dical pour les patients, les soignants ou les professionnels de la sant\u00e9.\" \/>\n<meta property=\"og:url\" content=\"https:\/\/wecare-medicalcannabis.com\/fr\/cannabis-medical-pour-les-patients\/\" \/>\n<meta property=\"og:site_name\" content=\"WeCare\" \/>\n<meta property=\"article:modified_time\" content=\"2023-05-25T09:39:39+00:00\" \/>\n<meta property=\"og:image\" content=\"https:\/\/wecare-medicalcannabis.com\/wp-content\/uploads\/2023\/04\/GettyImages-1214296274-scaled.jpg\" \/>\n\t<meta property=\"og:image:width\" content=\"2560\" \/>\n\t<meta property=\"og:image:height\" content=\"1707\" \/>\n\t<meta property=\"og:image:type\" content=\"image\/jpeg\" \/>\n<meta name=\"twitter:card\" content=\"summary_large_image\" \/>\n<meta name=\"twitter:image\" content=\"https:\/\/wecare-medicalcannabis.com\/wp-content\/uploads\/2023\/04\/GettyImages-1214296274-scaled.jpg\" \/>\n<script type=\"application\/ld+json\" class=\"yoast-schema-graph\">{\"@context\":\"https:\/\/schema.org\",\"@graph\":[{\"@type\":\"WebPage\",\"@id\":\"https:\/\/wecare-medicalcannabis.com\/fr\/cannabis-medical-pour-les-patients\/\",\"url\":\"https:\/\/wecare-medicalcannabis.com\/fr\/cannabis-medical-pour-les-patients\/\",\"name\":\"WeCare - Cannabis m\u00e9dical pour les patients\",\"isPartOf\":{\"@id\":\"https:\/\/wecare-medicalcannabis.com\/fr\/#website\"},\"datePublished\":\"2022-12-20T16:40:53+00:00\",\"dateModified\":\"2023-05-25T09:39:39+00:00\",\"description\":\"WeCare est une ressource Internet fiable et respect\u00e9e pour les questions sur le cannabis m\u00e9dical pour les patients, les soignants ou les professionnels de la sant\u00e9.\",\"breadcrumb\":{\"@id\":\"https:\/\/wecare-medicalcannabis.com\/fr\/cannabis-medical-pour-les-patients\/#breadcrumb\"},\"inLanguage\":\"fr-FR\",\"potentialAction\":[{\"@type\":\"ReadAction\",\"target\":[\"https:\/\/wecare-medicalcannabis.com\/fr\/cannabis-medical-pour-les-patients\/\"]}]},{\"@type\":\"BreadcrumbList\",\"@id\":\"https:\/\/wecare-medicalcannabis.com\/fr\/cannabis-medical-pour-les-patients\/#breadcrumb\",\"itemListElement\":[{\"@type\":\"ListItem\",\"position\":1,\"name\":\"In\u00edcio\",\"item\":\"https:\/\/wecare-medicalcannabis.com\/fr\/\"},{\"@type\":\"ListItem\",\"position\":2,\"name\":\"Pour Les Patients\"}]},{\"@type\":\"WebSite\",\"@id\":\"https:\/\/wecare-medicalcannabis.com\/fr\/#website\",\"url\":\"https:\/\/wecare-medicalcannabis.com\/fr\/\",\"name\":\"WeCare\",\"description\":\"\",\"publisher\":{\"@id\":\"https:\/\/wecare-medicalcannabis.com\/fr\/#organization\"},\"potentialAction\":[{\"@type\":\"SearchAction\",\"target\":{\"@type\":\"EntryPoint\",\"urlTemplate\":\"https:\/\/wecare-medicalcannabis.com\/fr\/?s={search_term_string}\"},\"query-input\":\"required name=search_term_string\"}],\"inLanguage\":\"fr-FR\"},{\"@type\":\"Organization\",\"@id\":\"https:\/\/wecare-medicalcannabis.com\/fr\/#organization\",\"name\":\"WeCare\",\"url\":\"https:\/\/wecare-medicalcannabis.com\/fr\/\",\"logo\":{\"@type\":\"ImageObject\",\"inLanguage\":\"fr-FR\",\"@id\":\"https:\/\/wecare-medicalcannabis.com\/fr\/#\/schema\/logo\/image\/\",\"url\":\"http:\/\/wecare.sitedev.pt\/wp-content\/uploads\/2022\/12\/logo-wecare.png\",\"contentUrl\":\"http:\/\/wecare.sitedev.pt\/wp-content\/uploads\/2022\/12\/logo-wecare.png\",\"width\":121,\"height\":72,\"caption\":\"WeCare\"},\"image\":{\"@id\":\"https:\/\/wecare-medicalcannabis.com\/fr\/#\/schema\/logo\/image\/\"}}]}<\/script>\n<!-- \/ Yoast SEO plugin. -->","yoast_head_json":{"title":"WeCare - Cannabis m\u00e9dical pour les patients","description":"WeCare est une ressource Internet fiable et respect\u00e9e pour les questions sur le cannabis m\u00e9dical pour les patients, les soignants ou les professionnels de la sant\u00e9.","robots":{"index":"index","follow":"follow","max-snippet":"max-snippet:-1","max-image-preview":"max-image-preview:large","max-video-preview":"max-video-preview:-1"},"canonical":"https:\/\/wecare-medicalcannabis.com\/fr\/cannabis-medical-pour-les-patients\/","og_locale":"fr_FR","og_type":"article","og_title":"WeCare - Cannabis m\u00e9dical pour les patients","og_description":"WeCare est une ressource Internet fiable et respect\u00e9e pour les questions sur le cannabis m\u00e9dical pour les patients, les soignants ou les professionnels de la sant\u00e9.","og_url":"https:\/\/wecare-medicalcannabis.com\/fr\/cannabis-medical-pour-les-patients\/","og_site_name":"WeCare","article_modified_time":"2023-05-25T09:39:39+00:00","og_image":[{"width":2560,"height":1707,"url":"https:\/\/wecare-medicalcannabis.com\/wp-content\/uploads\/2023\/04\/GettyImages-1214296274-scaled.jpg","type":"image\/jpeg"}],"twitter_card":"summary_large_image","twitter_image":"https:\/\/wecare-medicalcannabis.com\/wp-content\/uploads\/2023\/04\/GettyImages-1214296274-scaled.jpg","schema":{"@context":"https:\/\/schema.org","@graph":[{"@type":"WebPage","@id":"https:\/\/wecare-medicalcannabis.com\/fr\/cannabis-medical-pour-les-patients\/","url":"https:\/\/wecare-medicalcannabis.com\/fr\/cannabis-medical-pour-les-patients\/","name":"WeCare - Cannabis m\u00e9dical pour les patients","isPartOf":{"@id":"https:\/\/wecare-medicalcannabis.com\/fr\/#website"},"datePublished":"2022-12-20T16:40:53+00:00","dateModified":"2023-05-25T09:39:39+00:00","description":"WeCare est une ressource Internet fiable et respect\u00e9e pour les questions sur le cannabis m\u00e9dical pour les patients, les soignants ou les professionnels de la sant\u00e9.","breadcrumb":{"@id":"https:\/\/wecare-medicalcannabis.com\/fr\/cannabis-medical-pour-les-patients\/#breadcrumb"},"inLanguage":"fr-FR","potentialAction":[{"@type":"ReadAction","target":["https:\/\/wecare-medicalcannabis.com\/fr\/cannabis-medical-pour-les-patients\/"]}]},{"@type":"BreadcrumbList","@id":"https:\/\/wecare-medicalcannabis.com\/fr\/cannabis-medical-pour-les-patients\/#breadcrumb","itemListElement":[{"@type":"ListItem","position":1,"name":"In\u00edcio","item":"https:\/\/wecare-medicalcannabis.com\/fr\/"},{"@type":"ListItem","position":2,"name":"Pour Les Patients"}]},{"@type":"WebSite","@id":"https:\/\/wecare-medicalcannabis.com\/fr\/#website","url":"https:\/\/wecare-medicalcannabis.com\/fr\/","name":"WeCare","description":"","publisher":{"@id":"https:\/\/wecare-medicalcannabis.com\/fr\/#organization"},"potentialAction":[{"@type":"SearchAction","target":{"@type":"EntryPoint","urlTemplate":"https:\/\/wecare-medicalcannabis.com\/fr\/?s={search_term_string}"},"query-input":"required name=search_term_string"}],"inLanguage":"fr-FR"},{"@type":"Organization","@id":"https:\/\/wecare-medicalcannabis.com\/fr\/#organization","name":"WeCare","url":"https:\/\/wecare-medicalcannabis.com\/fr\/","logo":{"@type":"ImageObject","inLanguage":"fr-FR","@id":"https:\/\/wecare-medicalcannabis.com\/fr\/#\/schema\/logo\/image\/","url":"http:\/\/wecare.sitedev.pt\/wp-content\/uploads\/2022\/12\/logo-wecare.png","contentUrl":"http:\/\/wecare.sitedev.pt\/wp-content\/uploads\/2022\/12\/logo-wecare.png","width":121,"height":72,"caption":"WeCare"},"image":{"@id":"https:\/\/wecare-medicalcannabis.com\/fr\/#\/schema\/logo\/image\/"}}]}},"_links":{"self":[{"href":"https:\/\/wecare-medicalcannabis.com\/fr\/wp-json\/wp\/v2\/pages\/804","targetHints":{"allow":["GET"]}}],"collection":[{"href":"https:\/\/wecare-medicalcannabis.com\/fr\/wp-json\/wp\/v2\/pages"}],"about":[{"href":"https:\/\/wecare-medicalcannabis.com\/fr\/wp-json\/wp\/v2\/types\/page"}],"author":[{"embeddable":true,"href":"https:\/\/wecare-medicalcannabis.com\/fr\/wp-json\/wp\/v2\/users\/1"}],"replies":[{"embeddable":true,"href":"https:\/\/wecare-medicalcannabis.com\/fr\/wp-json\/wp\/v2\/comments?post=804"}],"version-history":[{"count":7,"href":"https:\/\/wecare-medicalcannabis.com\/fr\/wp-json\/wp\/v2\/pages\/804\/revisions"}],"predecessor-version":[{"id":2181,"href":"https:\/\/wecare-medicalcannabis.com\/fr\/wp-json\/wp\/v2\/pages\/804\/revisions\/2181"}],"wp:attachment":[{"href":"https:\/\/wecare-medicalcannabis.com\/fr\/wp-json\/wp\/v2\/media?parent=804"}],"curies":[{"name":"wp","href":"https:\/\/api.w.org\/{rel}","templated":true}]}}